{"id":2449,"date":"2020-04-06T16:11:07","date_gmt":"2020-04-06T14:11:07","guid":{"rendered":"https:\/\/work.nadinehamburger.com\/?page_id=2449"},"modified":"2024-06-26T17:46:10","modified_gmt":"2024-06-26T15:46:10","slug":"exklusivdownload-studie","status":"publish","type":"page","link":"https:\/\/nadinehamburger.com\/en\/exklusivdownload-studie\/","title":{"rendered":"Exklusivdownload Studie"},"content":{"rendered":"<p><span><img decoding=\"async\" alt=\"\" data-id=\"3220\" title=\"CAPTURING LIGHT-NADINE HAMBURGER-24\" src=\"https:\/\/nadinehamburger.com\/wp-content\/uploads\/CAPTURING-LIGHT-NADINE-HAMBURGER-24.jpg\" style=\"\" width=\"772\" height=\"1611\" data-width=\"772\" data-init-width=\"2413\" data-init-height=\"1611\" loading=\"lazy\"><\/span><\/p>\n<h1>Ihr kostenloser Exklusiv-Download mit Einf\u00fchrungsvideo<\/h1>\n<p><span style=\"\"><img loading=\"lazy\" decoding=\"async\" alt=\"Studie-Was-Berater-und-ChangeMaker-bewegt_Cover2-e1538993877965\" data-id=\"326\" title=\"Studie-Was-Berater-und-ChangeMaker-bewegt_Cover2-e1538993877965\" src=\"https:\/\/nadinehamburger.com\/wp-content\/uploads\/2019\/03\/Studie-Was-Berater-und-ChangeMaker-bewegt_Cover2-e1538993877965.jpg\" style=\"\" ml-d=\"0\" mt-d=\"0\" width=\"1000\" height=\"1415\"><\/span><\/p>\n<p>Studie 2018 \u201cWas Berater, Unternehmer und Change Maker bewegt\u201d (managerSeminare, Oktober 2018, 19,80 \u20ac)<\/p>\n<p><em>\u2013 Exklusiv OHNE BERECHNUNG hier verf\u00fcgbar. \u2013<\/em><strong><\/strong><\/p>\n<p><span><img decoding=\"async\" alt=\"\" data-id=\"3220\" title=\"CAPTURING LIGHT-NADINE HAMBURGER-24\" src=\"https:\/\/nadinehamburger.com\/wp-content\/uploads\/CAPTURING-LIGHT-NADINE-HAMBURGER-24.jpg\" style=\"margin-left: 0px;\" ml-d=\"0\" width=\"2413\" height=\"1611\" data-init-width=\"2413\" data-init-height=\"1611\" loading=\"lazy\"><\/span><\/p>\n<h1>Ihr kostenloser Exklusiv-Download mit Einf\u00fchrun<strong><\/strong>gsvideo<\/h1>\n<p><span style=\"\"><img loading=\"lazy\" decoding=\"async\" alt=\"Studie-Was-Berater-und-ChangeMaker-bewegt_Cover2-e1538993877965\" data-id=\"326\" title=\"Studie-Was-Berater-und-ChangeMaker-bewegt_Cover2-e1538993877965\" src=\"https:\/\/nadinehamburger.com\/wp-content\/uploads\/2019\/03\/Studie-Was-Berater-und-ChangeMaker-bewegt_Cover2-e1538993877965.jpg\" style=\"\" ml-d=\"0\" mt-d=\"0\" width=\"1000\" height=\"1415\"><\/span><\/p>\n<p style=\"\">Studie 2018 \u201cWas Berater, Unternehmer und Change Maker bewegt\u201d (managerSeminare, Oktober 2018, 19,80 \u20ac)<\/p>\n<p style=\"\"><em>\u2013 Exklusiv OHNE BERECHNUNG hier verf\u00fcgbar. \u2013<\/em><em><\/em><em><\/em><\/p>\n<h2>Ihr Schnelleinstieg in die Studie<\/h2>\n<p>Niemals w\u00fcrde ich jemanden bem\u00fchen, eine Studie zu lesen, wenn sie keinen praktischen Nutzen hat. Denn Studien sind in der Regel Schnee von gestern.&nbsp;<strong>Dennoch, sie ber\u00fchren das Hirn, denn sie liefern Fakten.<\/strong>&nbsp;Und so geben sie uns und unserem inneren Schweinehund wichtige und nachdr\u00fcckliche Impulse.<\/p>\n<p>Diese Fakten habe ich aufbereitet und interpretiert \u2013 damit Sie f\u00fcr sich und f\u00fcr die Welt mehr erreichen.&nbsp;<strong>Denn jeder hat seine einzigartige Aufgabe hier auf diesem Planeten.<\/strong>&nbsp;Und es ist wichtig, dass jeder von uns sie lebt \u2013 voller Kraft, Freude, Erfolg und R\u00fcckfluss. Jetzt.<\/p>\n<ul>\n<li style=\"margin-bottom: 1px !important;\">                    <span style=\"\"><strong>Schauen Sie sich das Video an, laden Sie sich die Studie runter und tauchen Sie ein die f\u00fcr Sie wichtigen Bereiche<\/strong>, die Zusammenfassung finden Sie auf Seiten 6-7.<\/span><\/li>\n<li style=\"margin-bottom: 1px !important;\">                    <span style=\"\"><strong><strong>Starten Sie mit dem f\u00fcr Sie wichtigen ersten Schritt zu mehr Freude, wirtschaftlichem Erfolg und Durchschlagskraft.<\/strong><\/strong><\/span><\/li>\n<li style=\"margin-bottom: 1px !important;\">                    <span style=\"\"><strong>Freuen Sie sich auf weitere Praxis-Impulse per Mail<\/strong>&nbsp;in den n\u00e4chsten Tagen. Falls Sie noch nicht in meinem Verteiler sind \u2013&nbsp;<a data-open=\"exampleModal1\" data-tcb_hover_state_parent=\"\" href=\"javascript:void(0)\" style=\"outline: none;\" tabindex=\"0\" hidefocus=\"true\">melden Sie sich flugs hier zum Newsletter an<\/a>!<\/span><\/li>\n<\/ul>\n<h2>Einf\u00fchrungsvideo zur Studie:<\/h2>\n<h3>Ihr Exklusiv-Download der Studie:<\/h3>\n<p><a data-tcb_hover_state_parent=\"\" href=\"https:\/\/nadinehamburger.com\/wp-content\/uploads\/Studie-Was-Berater-und-ChangeMaker-bewegt_Final.pdf\" style=\"outline: none;\" hidefocus=\"true\" target=\"_blank\" rel=\"noopener\">Studie 2018 \u201cWas Berater Unternehmer und Change Maker bewegt\u201d (Ebook, PDF, 7 MB)<\/a><\/p>\n<h3>Alles erledigt? Wunderbar! Und nun \u2026<\/h3>\n<ul>\n<li style=\"margin-bottom: 1px !important;\">                    <span style=\"\">Wenn Sie Fragen oder R\u00fcckmeldungen oder Interesse an handverlesenen Retreats haben, melden Sie sich gerne direkt bei mir unter <a href=\"mailto:nh@nadinehamburger.com\" rel=\"noopener\" style=\"outline: none;\" target=\"_blank\" hidefocus=\"true\">nh@nadinehamburger.com<\/a>.<\/span><\/li>\n<li style=\"margin-bottom: 1px !important;\">                    <span style=\"\"><strong>&nbsp;<\/strong>Wenn Sie <strong>pers\u00f6nliche Beratung und Unterst\u00fctzung<\/strong> w\u00fcnschen<em>,&nbsp;<\/em>melden Sie sich bei mir unter&nbsp;<a href=\"mailto:nh@nadinehamburger.com\" rel=\"noopener\" style=\"outline: none;\" target=\"_blank\" hidefocus=\"true\">hamburger@nadinehamburger.com<\/a>&nbsp;f\u00fcr einen Telefontermin, um zu schauen, was gemeinsam entstehen soll,\u2026 sei es <strong>KOMPAKT \u2013 Erstberatung mit Strategie, Positionierung, Kernbotschaften und Fahrplan f\u00fcr Ihr Marketing, in 2 Tagen auf den Punkt gebracht<\/strong> \u2013\u2026 oder gleich<strong> INTENSIV \u2013 Erstberatung plus gemeinsames Erstellen des gesamten Basismaterials sowie pers\u00f6nliches Empowerment, in der Strategiewoche als Auszeit <\/strong>auf Ibiza oder an einem Ort Ihrer Wahl.Ich freue mich auf Sie.<\/span><\/li>\n<li style=\"margin-bottom: 1px !important;\">                    <span style=\"\">Unser<strong> erstes Strategiegespr\u00e4ch<\/strong> mit Impulsen, Einblicken und Inspirationen ist immer ohne Berechnung. Eine kurze Nachricht an <a href=\"mailto:hamburger@nadinehamburger.com\" rel=\"noopener\" style=\"outline: none;\" target=\"_blank\" hidefocus=\"true\">hamburger@nadinehamburger.com<\/a> gen\u00fcgt und wir vereinbaren einen Telefontermin. Ich bin gespannt.<\/span><\/li>\n<\/ul>\n<p>Herzliche Gr\u00fc\u00dfe und bis in K\u00fcrze!<\/p>\n<p>IhreNadine Hamburger<\/p>\n<h2 style=\"text-align: center;\">Referenzen<\/h2>\n<p><span><img decoding=\"async\" alt=\"\" data-id=\"2036\" title=\"Dr. Michael Schwalbach_16zu9\" src=\"https:\/\/nadinehamburger.com\/wp-content\/uploads\/2019\/10\/Dr.-Michael-Schwalbach_16zu9.png\" style=\"\" loading=\"lazy\" width=\"615\" height=\"347\"><\/span><span style=\"\"><img decoding=\"async\" alt=\"\" data-id=\"2502\" title=\"NEW_Dr.MichaelSchwalbach\" src=\"https:\/\/nadinehamburger.com\/wp-content\/uploads\/NEW_Dr.MichaelSchwalbach.png\" style=\"\" mt-d=\"0\" ml-d=\"0\" loading=\"lazy\" width=\"615\" height=\"341\"><\/span><\/p>\n<h4 style=\"text-align: center;\">Dr. Michael Schwalbach<\/h4>\n<h5 style=\"text-align: center;\">Gesch\u00e4ftsf\u00fchrer | LIFE Advisory GmbH<\/h5>\n<p style=\"text-align: justify;\">Was die Zusammenarbeit mit Nadine f\u00fcr mich so wertvoll macht: Sie ist nicht nur Marketingprofi, sie hat vor allem ein feines Gesp\u00fcr f\u00fcr die Qualit\u00e4ten des Menschen, den sie begleitet. Und Sie versteht, diese Qualit\u00e4ten zum Vorschein zu bringen \u2013 ohne Ego-Shooting und Hochglanz-Getue. Nadine unterst\u00fctzt warmherzig, dabei klar und fordernd. Co-Kreation auf h\u00f6chstem Niveau.<\/p>\n<p style=\"text-align: center;\"><a data-tcb_hover_state_parent=\"\" href=\"http:\/\/www.leadingcorporatechange.com\/\" style=\"outline: none;\" target=\"_blank\" hidefocus=\"true\" rel=\"noopener\">www.leadingcorporatechange.com<\/a><\/p>\n<h5 style=\"text-align: justify;\"><\/h5>\n<p><span><img decoding=\"async\" alt=\"\" data-id=\"2291\" title=\"Isabelle Ayere\" src=\"https:\/\/nadinehamburger.com\/wp-content\/uploads\/2020\/03\/Isabelle-Ayere.png\" style=\"\" loading=\"lazy\" width=\"615\" height=\"347\"><\/span><span style=\"\"><img decoding=\"async\" alt=\"\" data-id=\"2520\" title=\"NEW_UlrikeKnienieder\" src=\"https:\/\/nadinehamburger.com\/wp-content\/uploads\/NEW_UlrikeKnienieder.png\" style=\"\" mt-d=\"0\" ml-d=\"0\" loading=\"lazy\" data-init-width=\"615\" data-init-height=\"341\" width=\"615\" height=\"341\"><\/span><\/p>\n<h4 style=\"text-align: center;\">Ulrike Knienieder<\/h4>\n<h5 style=\"text-align: center;\">Coach f\u00fcr T\u00f6chter und S\u00f6hne in Familienunternehmen<\/h5>\n<p style=\"text-align: justify;\">Mit einem Mal sind die n\u00e4chsten Schritte ganz leicht, \u2018der Wald hat sich gelichtet\u2019, Hindernisse sind aus dem Weg ger\u00e4umt.<\/p>\n<p style=\"text-align: center;\"><a tcb_hover_state_parent=\"\" href=\"https:\/\/www.webhelp.com\/\" rel=\"noopener\" style=\"outline: none;\" target=\"_blank\" hidefocus=\"true\"><\/a><a data-tcb_hover_state_parent=\"\" href=\"http:\/\/www.ulrikeknienieder.de\/\" style=\"outline: none;\" target=\"_blank\" hidefocus=\"true\" rel=\"noopener\">www.ulrikeknienieder.de<\/a><\/p>\n<p><span style=\"\"><img decoding=\"async\" alt=\"\" data-id=\"2505\" title=\"NEW_IsabelleAyere\" src=\"https:\/\/nadinehamburger.com\/wp-content\/uploads\/NEW_IsabelleAyere.png\" style=\"\" mt-d=\"0\" ml-d=\"-2\" loading=\"lazy\" width=\"615\" height=\"341\"><\/span><\/p>\n<h4 style=\"text-align: center;\">Isabelle Ayere<\/h4>\n<h5 style=\"text-align: center;\">quam\u00e9 | agile CoachMethoden + Mindset + Menschen<\/h5>\n<p style=\"text-align: justify;\">Vor der Arbeit mit Nadine war ich wie ein ungeschliffener Diamant. Durch sie habe ich klar gesehen, was es nicht mehr brauchte. Mein neues Profil ist der kristallklare, funkelnde Diamant meiner Pers\u00f6nlichkeit.<\/p>\n<p style=\"text-align: center;\">vormals: www.quame.de<\/p>\n<h5><\/h5>\n<p><span><img decoding=\"async\" alt=\"\" data-id=\"2036\" title=\"Dr. Michael Schwalbach_16zu9\" src=\"https:\/\/nadinehamburger.com\/wp-content\/uploads\/2019\/10\/Dr.-Michael-Schwalbach_16zu9.png\" style=\"\" loading=\"lazy\" width=\"615\" height=\"347\"><\/span><span style=\"\"><img decoding=\"async\" alt=\"\" data-id=\"2515\" title=\"NEW_SchwarzAgency\" src=\"https:\/\/nadinehamburger.com\/wp-content\/uploads\/NEW_SchwarzAgency.png\" style=\"\" mt-d=\"0\" ml-d=\"0\" loading=\"lazy\" width=\"604\" height=\"341\"><\/span><\/p>\n<h4 style=\"text-align: center;\">Katrin Felicitas Czorny<\/h4>\n<h5 style=\"text-align: center;\">Schwarz Agency | Echt nachhaltig kommunizieren und wirken<\/h5>\n<p style=\"text-align: justify;\">Authentisch, Menschlich und voller Power. So habe ich das Coaching bei Nadine wahrgenommen und genau so sieht auch das Resultat aus. Gemeinsam haben wir eine Basis kreiert mit viel Herz, Echtheit und der richtigen Energie. Eine Basis, auf der mein Unternehmen jetzt Vollgas geben kann. Dank Dir.<\/p>\n<p style=\"text-align: center;\"><a data-tcb_hover_state_parent=\"\" href=\"http:\/\/www.schwarz-agency.de\" style=\"outline: none;\" hidefocus=\"true\">www.schwarz-agency.de<\/a><\/p>\n<h5 style=\"text-align: justify;\"><\/h5>\n<p><span><img decoding=\"async\" alt=\"\" data-id=\"2291\" title=\"Isabelle Ayere\" src=\"https:\/\/nadinehamburger.com\/wp-content\/uploads\/2020\/03\/Isabelle-Ayere.png\" style=\"\" loading=\"lazy\" width=\"615\" height=\"347\"><\/span><span style=\"\"><img decoding=\"async\" alt=\"\" data-id=\"2500\" title=\"NEW_Contentb\" src=\"https:\/\/nadinehamburger.com\/wp-content\/uploads\/NEW_Contentb.png\" style=\"\" mt-d=\"-1\" ml-d=\"0\" loading=\"lazy\" width=\"615\" height=\"347\"><\/span><\/p>\n<h4 style=\"text-align: center; color: var(--tcb-color-1)  !important; --tcb-applied-color:var$(--tcb-color-1)  !important;\">Christian Krohn&nbsp;<\/h4>\n<h5 style=\"text-align: center;\">Content KG | The (R)Evolution of Corporate Steering<!--[if !supportLineBreakNewLine]--><\/h5>\n<p>Feuerwehr, mit allem drum und dran. Manches k\u00f6nnen andere einfach besser &#8211; und sollte man nicht versuchen selbst zu erzwingen. In zwei intensiven Tagen hat Nadine mir die gew\u00fcnschte und notwendige Perspektiv-Verschiebung f\u00fcr mein Unternehmen und mein innovatives Produkt geschaffen. Allein h\u00e4tte ich das nicht geschafft &#8211; Danke f\u00fcr die schnelle Anamnese und die gestartete Umsetzung. Ich freue mich nun auf die Jahresbegleitung! Unternehmung und Pers\u00f6nlichkeitswachstum in bester Kombination, das ist die zukunftsweisende, neue Arbeitswelt &#8211; Danke!<\/p>\n<p style=\"text-align: center;\"><a data-tcb_hover_state_parent=\"\" href=\"https:\/\/content-b.com\/\" style=\"outline: none;\" target=\"_blank\" hidefocus=\"true\" rel=\"noopener\">www.content-b.com\/<\/a><\/p>\n<p><span style=\"\"><img decoding=\"async\" alt=\"\" data-id=\"2777\" title=\"NEW_fbeta1\" src=\"https:\/\/nadinehamburger.com\/wp-content\/uploads\/NEW_fbeta1.png\" style=\"\" mt-d=\"0\" ml-d=\"0\" data-init-width=\"604\" data-init-height=\"341\" data-width=\"567\" data-height=\"314\" center-h-d=\"false\" loading=\"lazy\" width=\"567\" height=\"314\"><\/span><\/p>\n<h4 style=\"text-align: center; color: var(--tcb-color-1)  !important; --tcb-applied-color:var$(--tcb-color-1)  !important;\">Karsten Kn\u00f6ppler<\/h4>\n<h5 style=\"text-align: center;\">Gesch\u00e4ftsf\u00fchrer | fbeta GmbHGesundheit. Digitalisierung. Transformation.<\/h5>\n<p style=\"text-align: justify;\">Wir laufen unter Volllast. Durch unser schnelles Wachstum sind wir darauf angewiesen, gute Mitarbeiter zu halten und die neugierig zu machen, die wirklich zu unserer Kultur und unserer Leistung passen. Nadine erfasste in wenigen Gespr\u00e4chen, was uns ausmacht und bringt es mit Kraft auf den Punkt. Eine wichtige Basis f\u00fcr unsere n\u00e4chsten Schritte.<\/p>\n<p style=\"text-align: center;\"><a data-tcb_hover_state_parent=\"\" href=\"http:\/\/www.fbeta.de\" style=\"outline: none;\" target=\"_blank\" hidefocus=\"true\" rel=\"noopener\">www.fbeta.de<\/a><\/p>\n","protected":false},"excerpt":{"rendered":"<p>Ihr kostenloser Exklusiv-Download mit Einf\u00fchrungsvideo Studie 2018 \u201cWas Berater, Unternehmer und Change Maker bewegt\u201d (managerSeminare, Oktober 2018, 19,80 \u20ac) \u2013 Exklusiv OHNE BERECHNUNG hier verf\u00fcgbar. \u2013 Ihr kostenloser Exklusiv-Download mit Einf\u00fchrungsvideo Studie 2018 \u201cWas Berater, Unternehmer und Change Maker bewegt\u201d (managerSeminare, Oktober 2018, 19,80 \u20ac) \u2013 Exklusiv OHNE BERECHNUNG hier verf\u00fcgbar. \u2013 Ihr Schnelleinstieg in [&hellip;]<\/p>\n","protected":false},"author":2,"featured_media":0,"parent":0,"menu_order":7,"comment_status":"closed","ping_status":"closed","template":"blank-template.php","meta":{"inline_featured_image":false,"footnotes":""},"class_list":["post-2449","page","type-page","status-publish","hentry"],"yoast_head":"<!-- This site is optimized with the Yoast SEO Premium plugin v26.4 (Yoast SEO v26.4) - https:\/\/yoast.com\/wordpress\/plugins\/seo\/ -->\n<title>Exklusivdownload Studie - NadineHamburger.com<\/title>\n<meta name=\"robots\" content=\"index, follow, max-snippet:-1, max-image-preview:large, max-video-preview:-1\" \/>\n<link rel=\"canonical\" href=\"https:\/\/nadinehamburger.com\/exklusivdownload-studie\/\" \/>\n<meta property=\"og:locale\" content=\"en_US\" \/>\n<meta property=\"og:type\" content=\"article\" \/>\n<meta property=\"og:title\" content=\"Exklusivdownload Studie\" \/>\n<meta property=\"og:description\" content=\"Ihr kostenloser Exklusiv-Download mit Einf\u00fchrungsvideo Studie 2018 \u201cWas Berater, Unternehmer und Change Maker bewegt\u201d (managerSeminare, Oktober 2018, 19,80 \u20ac) \u2013 Exklusiv OHNE BERECHNUNG hier verf\u00fcgbar. \u2013 Ihr kostenloser Exklusiv-Download mit Einf\u00fchrungsvideo Studie 2018 \u201cWas Berater, Unternehmer und Change Maker bewegt\u201d (managerSeminare, Oktober 2018, 19,80 \u20ac) \u2013 Exklusiv OHNE BERECHNUNG hier verf\u00fcgbar. \u2013 Ihr Schnelleinstieg in [&hellip;]\" \/>\n<meta property=\"og:url\" content=\"https:\/\/nadinehamburger.com\/exklusivdownload-studie\/\" \/>\n<meta property=\"og:site_name\" content=\"NadineHamburger.com\" \/>\n<meta property=\"article:modified_time\" content=\"2024-06-26T15:46:10+00:00\" \/>\n<meta property=\"og:image\" content=\"https:\/\/nadinehamburger.com\/wp-content\/uploads\/CAPTURING-LIGHT-NADINE-HAMBURGER-24.jpg\" \/>\n<meta name=\"twitter:card\" content=\"summary_large_image\" \/>\n<meta name=\"twitter:label1\" content=\"Est. reading time\" \/>\n\t<meta name=\"twitter:data1\" content=\"4 minutes\" \/>\n<script type=\"application\/ld+json\" class=\"yoast-schema-graph\">{\"@context\":\"https:\/\/schema.org\",\"@graph\":[{\"@type\":\"WebPage\",\"@id\":\"https:\/\/nadinehamburger.com\/exklusivdownload-studie\/\",\"url\":\"https:\/\/nadinehamburger.com\/exklusivdownload-studie\/\",\"name\":\"Exklusivdownload Studie - NadineHamburger.com\",\"isPartOf\":{\"@id\":\"https:\/\/nadinehamburger.com\/#website\"},\"primaryImageOfPage\":{\"@id\":\"https:\/\/nadinehamburger.com\/exklusivdownload-studie\/#primaryimage\"},\"image\":{\"@id\":\"https:\/\/nadinehamburger.com\/exklusivdownload-studie\/#primaryimage\"},\"thumbnailUrl\":\"https:\/\/nadinehamburger.com\/wp-content\/uploads\/CAPTURING-LIGHT-NADINE-HAMBURGER-24.jpg\",\"datePublished\":\"2020-04-06T14:11:07+00:00\",\"dateModified\":\"2024-06-26T15:46:10+00:00\",\"breadcrumb\":{\"@id\":\"https:\/\/nadinehamburger.com\/exklusivdownload-studie\/#breadcrumb\"},\"inLanguage\":\"en-US\",\"potentialAction\":[{\"@type\":\"ReadAction\",\"target\":[\"https:\/\/nadinehamburger.com\/exklusivdownload-studie\/\"]}]},{\"@type\":\"ImageObject\",\"inLanguage\":\"en-US\",\"@id\":\"https:\/\/nadinehamburger.com\/exklusivdownload-studie\/#primaryimage\",\"url\":\"https:\/\/nadinehamburger.com\/wp-content\/uploads\/CAPTURING-LIGHT-NADINE-HAMBURGER-24.jpg\",\"contentUrl\":\"https:\/\/nadinehamburger.com\/wp-content\/uploads\/CAPTURING-LIGHT-NADINE-HAMBURGER-24.jpg\"},{\"@type\":\"BreadcrumbList\",\"@id\":\"https:\/\/nadinehamburger.com\/exklusivdownload-studie\/#breadcrumb\",\"itemListElement\":[{\"@type\":\"ListItem\",\"position\":1,\"name\":\"Startseite\",\"item\":\"https:\/\/nadinehamburger.com\/en\/\"},{\"@type\":\"ListItem\",\"position\":2,\"name\":\"Exklusivdownload Studie\"}]},{\"@type\":\"WebSite\",\"@id\":\"https:\/\/nadinehamburger.com\/#website\",\"url\":\"https:\/\/nadinehamburger.com\/\",\"name\":\"NadineHamburger.com\",\"description\":\"Bewusstheit  im  Business\",\"publisher\":{\"@id\":\"https:\/\/nadinehamburger.com\/#\/schema\/person\/c6c7673cbbe8a9fcfe8a825f2fe361df\"},\"potentialAction\":[{\"@type\":\"SearchAction\",\"target\":{\"@type\":\"EntryPoint\",\"urlTemplate\":\"https:\/\/nadinehamburger.com\/?s={search_term_string}\"},\"query-input\":{\"@type\":\"PropertyValueSpecification\",\"valueRequired\":true,\"valueName\":\"search_term_string\"}}],\"inLanguage\":\"en-US\"},{\"@type\":[\"Person\",\"Organization\"],\"@id\":\"https:\/\/nadinehamburger.com\/#\/schema\/person\/c6c7673cbbe8a9fcfe8a825f2fe361df\",\"name\":\"Nadine Hamburger\",\"image\":{\"@type\":\"ImageObject\",\"inLanguage\":\"en-US\",\"@id\":\"https:\/\/nadinehamburger.com\/#\/schema\/person\/image\/\",\"url\":\"https:\/\/secure.gravatar.com\/avatar\/25518a98d51b5a79af5ac686bf7d1701a79f54f966010f7b341acd8a17d42fc3?s=96&d=mm&r=g\",\"contentUrl\":\"https:\/\/secure.gravatar.com\/avatar\/25518a98d51b5a79af5ac686bf7d1701a79f54f966010f7b341acd8a17d42fc3?s=96&d=mm&r=g\",\"caption\":\"Nadine Hamburger\"},\"logo\":{\"@id\":\"https:\/\/nadinehamburger.com\/#\/schema\/person\/image\/\"}}]}<\/script>\n<!-- \/ Yoast SEO Premium plugin. -->","yoast_head_json":{"title":"Exklusivdownload Studie - NadineHamburger.com","robots":{"index":"index","follow":"follow","max-snippet":"max-snippet:-1","max-image-preview":"max-image-preview:large","max-video-preview":"max-video-preview:-1"},"canonical":"https:\/\/nadinehamburger.com\/exklusivdownload-studie\/","og_locale":"en_US","og_type":"article","og_title":"Exklusivdownload Studie","og_description":"Ihr kostenloser Exklusiv-Download mit Einf\u00fchrungsvideo Studie 2018 \u201cWas Berater, Unternehmer und Change Maker bewegt\u201d (managerSeminare, Oktober 2018, 19,80 \u20ac) \u2013 Exklusiv OHNE BERECHNUNG hier verf\u00fcgbar. \u2013 Ihr kostenloser Exklusiv-Download mit Einf\u00fchrungsvideo Studie 2018 \u201cWas Berater, Unternehmer und Change Maker bewegt\u201d (managerSeminare, Oktober 2018, 19,80 \u20ac) \u2013 Exklusiv OHNE BERECHNUNG hier verf\u00fcgbar. \u2013 Ihr Schnelleinstieg in [&hellip;]","og_url":"https:\/\/nadinehamburger.com\/exklusivdownload-studie\/","og_site_name":"NadineHamburger.com","article_modified_time":"2024-06-26T15:46:10+00:00","og_image":[{"url":"https:\/\/nadinehamburger.com\/wp-content\/uploads\/CAPTURING-LIGHT-NADINE-HAMBURGER-24.jpg","type":"","width":"","height":""}],"twitter_card":"summary_large_image","twitter_misc":{"Est. reading time":"4 minutes"},"schema":{"@context":"https:\/\/schema.org","@graph":[{"@type":"WebPage","@id":"https:\/\/nadinehamburger.com\/exklusivdownload-studie\/","url":"https:\/\/nadinehamburger.com\/exklusivdownload-studie\/","name":"Exklusivdownload Studie - NadineHamburger.com","isPartOf":{"@id":"https:\/\/nadinehamburger.com\/#website"},"primaryImageOfPage":{"@id":"https:\/\/nadinehamburger.com\/exklusivdownload-studie\/#primaryimage"},"image":{"@id":"https:\/\/nadinehamburger.com\/exklusivdownload-studie\/#primaryimage"},"thumbnailUrl":"https:\/\/nadinehamburger.com\/wp-content\/uploads\/CAPTURING-LIGHT-NADINE-HAMBURGER-24.jpg","datePublished":"2020-04-06T14:11:07+00:00","dateModified":"2024-06-26T15:46:10+00:00","breadcrumb":{"@id":"https:\/\/nadinehamburger.com\/exklusivdownload-studie\/#breadcrumb"},"inLanguage":"en-US","potentialAction":[{"@type":"ReadAction","target":["https:\/\/nadinehamburger.com\/exklusivdownload-studie\/"]}]},{"@type":"ImageObject","inLanguage":"en-US","@id":"https:\/\/nadinehamburger.com\/exklusivdownload-studie\/#primaryimage","url":"https:\/\/nadinehamburger.com\/wp-content\/uploads\/CAPTURING-LIGHT-NADINE-HAMBURGER-24.jpg","contentUrl":"https:\/\/nadinehamburger.com\/wp-content\/uploads\/CAPTURING-LIGHT-NADINE-HAMBURGER-24.jpg"},{"@type":"BreadcrumbList","@id":"https:\/\/nadinehamburger.com\/exklusivdownload-studie\/#breadcrumb","itemListElement":[{"@type":"ListItem","position":1,"name":"Startseite","item":"https:\/\/nadinehamburger.com\/en\/"},{"@type":"ListItem","position":2,"name":"Exklusivdownload Studie"}]},{"@type":"WebSite","@id":"https:\/\/nadinehamburger.com\/#website","url":"https:\/\/nadinehamburger.com\/","name":"NadineHamburger.com","description":"Bewusstheit  im  Business","publisher":{"@id":"https:\/\/nadinehamburger.com\/#\/schema\/person\/c6c7673cbbe8a9fcfe8a825f2fe361df"},"potentialAction":[{"@type":"SearchAction","target":{"@type":"EntryPoint","urlTemplate":"https:\/\/nadinehamburger.com\/?s={search_term_string}"},"query-input":{"@type":"PropertyValueSpecification","valueRequired":true,"valueName":"search_term_string"}}],"inLanguage":"en-US"},{"@type":["Person","Organization"],"@id":"https:\/\/nadinehamburger.com\/#\/schema\/person\/c6c7673cbbe8a9fcfe8a825f2fe361df","name":"Nadine Hamburger","image":{"@type":"ImageObject","inLanguage":"en-US","@id":"https:\/\/nadinehamburger.com\/#\/schema\/person\/image\/","url":"https:\/\/secure.gravatar.com\/avatar\/25518a98d51b5a79af5ac686bf7d1701a79f54f966010f7b341acd8a17d42fc3?s=96&d=mm&r=g","contentUrl":"https:\/\/secure.gravatar.com\/avatar\/25518a98d51b5a79af5ac686bf7d1701a79f54f966010f7b341acd8a17d42fc3?s=96&d=mm&r=g","caption":"Nadine Hamburger"},"logo":{"@id":"https:\/\/nadinehamburger.com\/#\/schema\/person\/image\/"}}]}},"_links":{"self":[{"href":"https:\/\/nadinehamburger.com\/en\/wp-json\/wp\/v2\/pages\/2449","targetHints":{"allow":["GET"]}}],"collection":[{"href":"https:\/\/nadinehamburger.com\/en\/wp-json\/wp\/v2\/pages"}],"about":[{"href":"https:\/\/nadinehamburger.com\/en\/wp-json\/wp\/v2\/types\/page"}],"author":[{"embeddable":true,"href":"https:\/\/nadinehamburger.com\/en\/wp-json\/wp\/v2\/users\/2"}],"replies":[{"embeddable":true,"href":"https:\/\/nadinehamburger.com\/en\/wp-json\/wp\/v2\/comments?post=2449"}],"version-history":[{"count":8,"href":"https:\/\/nadinehamburger.com\/en\/wp-json\/wp\/v2\/pages\/2449\/revisions"}],"predecessor-version":[{"id":4926,"href":"https:\/\/nadinehamburger.com\/en\/wp-json\/wp\/v2\/pages\/2449\/revisions\/4926"}],"wp:attachment":[{"href":"https:\/\/nadinehamburger.com\/en\/wp-json\/wp\/v2\/media?parent=2449"}],"curies":[{"name":"wp","href":"https:\/\/api.w.org\/{rel}","templated":true}]}}